{"id":8,"date":"2023-08-29T14:38:23","date_gmt":"2023-08-29T17:38:23","guid":{"rendered":"https:\/\/dublagemviva.com.br\/?page_id=8"},"modified":"2023-09-22T16:11:53","modified_gmt":"2023-09-22T19:11:53","slug":"contato","status":"publish","type":"page","link":"https:\/\/dublagemviva.com.br\/index.php\/contato\/","title":{"rendered":"Contato"},"content":{"rendered":"\n<p>Escreva para n\u00f3s: contato@dublagemviva.com.br<\/p>\n\n\n\n<p><strong>Quer fazer parte da campanha ?<\/strong><\/p>\n\n\n\n<p>representantes@dublagemviva.com.br <\/p>\n\n\n\n<p><strong>\u00c9 da imprensa e quer mais informa\u00e7\u00f5es ?<\/strong><\/p>\n\n\n\n<p>imprensa@dublagemviva.com.br <\/p>\n\n\n\n<p><strong>E aproveitem para conhecer tamb\u00e9m nossas redes sociais:<\/strong><\/p>\n\n\n\n<p><a href=\"https:\/\/instagram.com\/dublagemviva\">Instagram<\/a><\/p>\n\n\n\n<p><a href=\"http:\/\/twitter.com\/dublagemviva\">Twitter<\/a><\/p>\n\n\n\n<p><\/p>\n\n\n\n<p>Esta \u00e9 uma p\u00e1gina com algumas informa\u00e7\u00f5es b\u00e1sicas de contato, como um endere\u00e7o e n\u00famero de telefone. Voc\u00ea tamb\u00e9m pode experimentar usar um plugin para adicionar um formul\u00e1rio de contato.<\/p>\n","protected":false},"excerpt":{"rendered":"<p>Escreva para n\u00f3s: contato@dublagemviva.com.br Quer fazer parte da campanha ? representantes@dublagemviva.com.br \u00c9 da imprensa e quer mais informa\u00e7\u00f5es ? imprensa@dublagemviva.com.br E aproveitem para conhecer tamb\u00e9m nossas redes sociais: Instagram Twitter Esta \u00e9 uma p\u00e1gina com algumas informa\u00e7\u00f5es b\u00e1sicas de contato, como um endere\u00e7o e n\u00famero de telefone. Voc\u00ea tamb\u00e9m pode experimentar usar um plugin para &#8230; <a title=\"Contato\" class=\"read-more\" href=\"https:\/\/dublagemviva.com.br\/index.php\/contato\/\" aria-label=\"More on Contato\">Read more<\/a><\/p>\n","protected":false},"author":1,"featured_media":0,"parent":0,"menu_order":0,"comment_status":"closed","ping_status":"closed","template":"","meta":{"footnotes":""},"class_list":["post-8","page","type-page","status-publish"],"_links":{"self":[{"href":"https:\/\/dublagemviva.com.br\/index.php\/wp-json\/wp\/v2\/pages\/8","targetHints":{"allow":["GET"]}}],"collection":[{"href":"https:\/\/dublagemviva.com.br\/index.php\/wp-json\/wp\/v2\/pages"}],"about":[{"href":"https:\/\/dublagemviva.com.br\/index.php\/wp-json\/wp\/v2\/types\/page"}],"author":[{"embeddable":true,"href":"https:\/\/dublagemviva.com.br\/index.php\/wp-json\/wp\/v2\/users\/1"}],"replies":[{"embeddable":true,"href":"https:\/\/dublagemviva.com.br\/index.php\/wp-json\/wp\/v2\/comments?post=8"}],"version-history":[{"count":3,"href":"https:\/\/dublagemviva.com.br\/index.php\/wp-json\/wp\/v2\/pages\/8\/revisions"}],"predecessor-version":[{"id":52,"href":"https:\/\/dublagemviva.com.br\/index.php\/wp-json\/wp\/v2\/pages\/8\/revisions\/52"}],"wp:attachment":[{"href":"https:\/\/dublagemviva.com.br\/index.php\/wp-json\/wp\/v2\/media?parent=8"}],"curies":[{"name":"wp","href":"https:\/\/api.w.org\/{rel}","templated":true}]}}