{"id":56,"date":"2023-09-22T16:36:15","date_gmt":"2023-09-22T19:36:15","guid":{"rendered":"https:\/\/dublagemviva.com.br\/?page_id=56"},"modified":"2023-09-22T18:29:36","modified_gmt":"2023-09-22T21:29:36","slug":"nossas-aliancas","status":"publish","type":"page","link":"https:\/\/dublagemviva.com.br\/index.php\/nossas-aliancas\/","title":{"rendered":"Nossas alian\u00e7as"},"content":{"rendered":"\n<p>O movimento Dublagem Viva est\u00e1 conectado com os movimentos internacionais que buscam a regulamenta\u00e7\u00e3o da IA, considerando os mesmos crit\u00e9rios de valoriza\u00e7\u00e3o da profiss\u00e3o, da Soberania Nacional atrav\u00e9s da preserva\u00e7\u00e3o da l\u00edngua p\u00e1tria e da Arte de dublar como patrim\u00f4nio hist\u00f3rico-cultural em nosso pa\u00eds.<\/p>\n\n\n\n<p>Alian\u00e7as ao redor do mundo<\/p>\n\n\n\n<figure class=\"wp-block-image size-full is-resized\"><img loading=\"lazy\" decoding=\"async\" src=\"https:\/\/dublagemviva.com.br\/wp-content\/uploads\/2023\/09\/avta.png\" alt=\"\" class=\"wp-image-105\" style=\"width:150px;height:55px\" width=\"150\" height=\"55\"\/><\/figure>\n\n\n\n<p><a rel=\"noreferrer noopener\" href=\"http:\/\/www.avtamadrid.es\" target=\"_blank\">AVTA<\/a> &#8211; Sindicato de Actores de Voz y Voice Talents de Madrid<\/p>\n\n\n\n<figure class=\"wp-block-image size-full is-resized\"><img loading=\"lazy\" decoding=\"async\" src=\"https:\/\/dublagemviva.com.br\/wp-content\/uploads\/2023\/09\/ovu.webp\" alt=\"\" class=\"wp-image-106\" style=\"width:86px;height:89px\" width=\"86\" height=\"89\"\/><\/figure>\n\n\n\n<p><a rel=\"noreferrer noopener\" href=\"https:\/\/ovu.world\" data-type=\"link\" data-id=\"https:\/\/ovu.world\" target=\"_blank\">OVU<\/a> &#8211; Organizaci\u00f3n de Voces Unidas<\/p>\n\n\n\n<figure class=\"wp-block-image size-full is-resized\"><img loading=\"lazy\" decoding=\"async\" src=\"https:\/\/dublagemviva.com.br\/wp-content\/uploads\/2023\/09\/uva.png\" alt=\"\" class=\"wp-image-108\" style=\"width:120px;height:90px\" width=\"120\" height=\"90\" srcset=\"https:\/\/dublagemviva.com.br\/wp-content\/uploads\/2023\/09\/uva.png 1024w, https:\/\/dublagemviva.com.br\/wp-content\/uploads\/2023\/09\/uva-300x225.png 300w, https:\/\/dublagemviva.com.br\/wp-content\/uploads\/2023\/09\/uva-768x576.png 768w\" sizes=\"auto, (max-width: 120px) 100vw, 120px\" \/><\/figure>\n\n\n\n<p><a rel=\"noreferrer noopener\" href=\"https:\/\/www.unitedvoiceartists.com\/\" target=\"_blank\">UVA<\/a> &#8211; United Voice Artists<\/p>\n\n\n\n<figure class=\"wp-block-image size-large is-resized\"><img loading=\"lazy\" decoding=\"async\" src=\"https:\/\/dublagemviva.com.br\/wp-content\/uploads\/2023\/09\/nava2-1024x1024.png\" alt=\"\" class=\"wp-image-110\" style=\"width:95px;height:95px\" width=\"95\" height=\"95\" srcset=\"https:\/\/dublagemviva.com.br\/wp-content\/uploads\/2023\/09\/nava2-1024x1024.png 1024w, https:\/\/dublagemviva.com.br\/wp-content\/uploads\/2023\/09\/nava2-300x300.png 300w, https:\/\/dublagemviva.com.br\/wp-content\/uploads\/2023\/09\/nava2-150x150.png 150w, https:\/\/dublagemviva.com.br\/wp-content\/uploads\/2023\/09\/nava2-768x768.png 768w, https:\/\/dublagemviva.com.br\/wp-content\/uploads\/2023\/09\/nava2.png 1080w\" sizes=\"auto, (max-width: 95px) 100vw, 95px\" \/><\/figure>\n\n\n\n<p><a rel=\"noreferrer noopener\" href=\"http:\/\/navavoices.org\" data-type=\"link\" data-id=\"navavoices.org\" target=\"_blank\">NAVA<\/a> &#8211; National Association of Voice Actors<\/p>\n","protected":false},"excerpt":{"rendered":"<p>O movimento Dublagem Viva est\u00e1 conectado com os movimentos internacionais que buscam a regulamenta\u00e7\u00e3o da IA, considerando os mesmos crit\u00e9rios de valoriza\u00e7\u00e3o da profiss\u00e3o, da Soberania Nacional atrav\u00e9s da preserva\u00e7\u00e3o da l\u00edngua p\u00e1tria e da Arte de dublar como patrim\u00f4nio hist\u00f3rico-cultural em nosso pa\u00eds. Alian\u00e7as ao redor do mundo AVTA &#8211; Sindicato de Actores de &#8230; <a title=\"Nossas alian\u00e7as\" class=\"read-more\" href=\"https:\/\/dublagemviva.com.br\/index.php\/nossas-aliancas\/\" aria-label=\"More on Nossas alian\u00e7as\">Read more<\/a><\/p>\n","protected":false},"author":1,"featured_media":0,"parent":0,"menu_order":0,"comment_status":"closed","ping_status":"closed","template":"","meta":{"footnotes":""},"class_list":["post-56","page","type-page","status-publish"],"_links":{"self":[{"href":"https:\/\/dublagemviva.com.br\/index.php\/wp-json\/wp\/v2\/pages\/56","targetHints":{"allow":["GET"]}}],"collection":[{"href":"https:\/\/dublagemviva.com.br\/index.php\/wp-json\/wp\/v2\/pages"}],"about":[{"href":"https:\/\/dublagemviva.com.br\/index.php\/wp-json\/wp\/v2\/types\/page"}],"author":[{"embeddable":true,"href":"https:\/\/dublagemviva.com.br\/index.php\/wp-json\/wp\/v2\/users\/1"}],"replies":[{"embeddable":true,"href":"https:\/\/dublagemviva.com.br\/index.php\/wp-json\/wp\/v2\/comments?post=56"}],"version-history":[{"count":9,"href":"https:\/\/dublagemviva.com.br\/index.php\/wp-json\/wp\/v2\/pages\/56\/revisions"}],"predecessor-version":[{"id":112,"href":"https:\/\/dublagemviva.com.br\/index.php\/wp-json\/wp\/v2\/pages\/56\/revisions\/112"}],"wp:attachment":[{"href":"https:\/\/dublagemviva.com.br\/index.php\/wp-json\/wp\/v2\/media?parent=56"}],"curies":[{"name":"wp","href":"https:\/\/api.w.org\/{rel}","templated":true}]}}